{"id":139,"date":"2026-03-11T18:16:19","date_gmt":"2026-03-11T17:16:19","guid":{"rendered":"https:\/\/heidelpride.de\/?page_id=139"},"modified":"2026-03-20T17:58:02","modified_gmt":"2026-03-20T16:58:02","slug":"faqs","status":"publish","type":"page","link":"https:\/\/heidelpride.de\/en\/faqs\/","title":{"rendered":"FAQs"},"content":{"rendered":"<figure class=\"wp-block-pullquote is-style-text-display has-base-color has-text-color has-link-color has-all-round-gothic-font-family wp-elements-60d635e75f1d1af73da680e1aa11866a\" style=\"font-size:2.8vh\"><blockquote><p><mark style=\"background-color:rgba(0, 0, 0, 0);color:#25b7cd\" class=\"has-inline-color\">who?!<\/mark> <mark style=\"background-color:rgba(0, 0, 0, 0);color:#29a941\" class=\"has-inline-color\">what?!<\/mark> <mark style=\"background-color:rgba(0, 0, 0, 0);color:#e7e63d\" class=\"has-inline-color\">where?!<\/mark> <mark style=\"background-color:rgba(0, 0, 0, 0);color:#ee7a22\" class=\"has-inline-color\">when?!<\/mark> <mark style=\"background-color:rgba(0, 0, 0, 0);color:#f23024\" class=\"has-inline-color\">how?!<\/mark><\/p><\/blockquote><\/figure>\n\n\n\n<figure class=\"wp-block-pullquote is-style-text-display has-base-color has-text-color has-link-color has-all-round-gothic-font-family wp-elements-fb09d53dc541296e9eb985f8404424e5\" style=\"font-size:2.8vh\"><blockquote><p><mark style=\"background-color:rgba(0, 0, 0, 0);color:#25b6ccc2\" class=\"has-inline-color\">who?!<\/mark> <mark style=\"background-color:rgba(0, 0, 0, 0);color:#28a840bd\" class=\"has-inline-color\">what?!<\/mark> <mark style=\"background-color:rgba(0, 0, 0, 0);color:#e8e83cba\" class=\"has-inline-color\">where?!<\/mark> <mark style=\"background-color:rgba(0, 0, 0, 0);color:#ed7a21ba\" class=\"has-inline-color\">when?!<\/mark> <mark style=\"background-color:rgba(0, 0, 0, 0);color:#f22f24b0\" class=\"has-inline-color\">how?!<\/mark><\/p><\/blockquote><\/figure>\n\n\n\n<figure class=\"wp-block-pullquote is-style-text-display has-base-color has-text-color has-link-color has-all-round-gothic-font-family wp-elements-5fa1809fabac4e94bd3865469b1196a0\" style=\"font-size:2.7vh\"><blockquote><p><mark style=\"background-color:rgba(0, 0, 0, 0);color:#25b6cc59\" class=\"has-inline-color\">who?!<\/mark> <mark style=\"background-color:rgba(0, 0, 0, 0);color:#28a8405c\" class=\"has-inline-color\">what?!<\/mark> <mark style=\"background-color:rgba(0, 0, 0, 0);color:#e8e83c5c\" class=\"has-inline-color\">where?!<\/mark> <mark style=\"background-color:rgba(0, 0, 0, 0);color:#ed7a215c\" class=\"has-inline-color\">when?!<\/mark> <mark style=\"background-color:rgba(0, 0, 0, 0);color:#f22f2454\" class=\"has-inline-color\">how?!<\/mark><\/p><\/blockquote><\/figure>\n\n\n\n<figure class=\"wp-block-pullquote is-style-text-display has-base-color has-text-color has-link-color has-all-round-gothic-font-family wp-elements-e508b5e29698aa2e7e4574698b5d303f\" style=\"font-size:2.6vh\"><blockquote><p><mark style=\"background-color:rgba(0, 0, 0, 0);color:#25b6cc38\" class=\"has-inline-color\">who?!<\/mark> <mark style=\"background-color:rgba(0, 0, 0, 0);color:#28a84030\" class=\"has-inline-color\">what?!<\/mark> <mark style=\"background-color:rgba(0, 0, 0, 0);color:#e8e83c38\" class=\"has-inline-color\">where?!<\/mark> <mark style=\"background-color:rgba(0, 0, 0, 0);color:#ed7a2136\" class=\"has-inline-color\">when?!<\/mark> <mark style=\"background-color:rgba(0, 0, 0, 0);color:#f22f2436\" class=\"has-inline-color\">how?!<\/mark><\/p><\/blockquote><\/figure>\n\n\n\n<figure class=\"wp-block-pullquote is-style-text-display has-all-round-gothic-font-family has-x-large-font-size\" style=\"padding-top:var(--wp--preset--spacing--30);padding-bottom:var(--wp--preset--spacing--30)\"><blockquote><p>HeidelPride thrives on you, and together we'll make it possible this year!<br>On our Betterplace page you can donate to our specific needs. Choose what you would like to help with!<\/p><\/blockquote><\/figure>\n\n\n\n<div class=\"wp-block-buttons alignwide is-content-justification-center is-layout-flex wp-container-core-buttons-is-layout-a6d9f191 wp-block-buttons-is-layout-flex\" style=\"margin-top:var(--wp--preset--spacing--40);margin-bottom:var(--wp--preset--spacing--40)\">\n<div class=\"wp-block-button\"><a class=\"wp-block-button__link has-contrast-color has-text-color has-background has-link-color has-all-round-gothic-font-family wp-element-button\" href=\"https:\/\/www.betterplace.org\/de\/projects\/171980-heidelpride-2026-die-pride-fuer-heidelberg\" style=\"background:linear-gradient(135deg,rgb(227,7,7) 8%,rgb(217,205,37) 18%,rgb(222,232,30) 32%,rgb(13,249,33) 43%,rgb(5,238,255) 50%,rgb(1,14,255) 68%,rgb(217,22,242) 81%,rgb(155,81,224) 100%);padding-top:var(--wp--preset--spacing--30);padding-right:var(--wp--preset--spacing--50);padding-bottom:var(--wp--preset--spacing--30);padding-left:var(--wp--preset--spacing--50)\" target=\"_blank\" rel=\"noreferrer noopener\">Spende<\/a><\/div>\n<\/div>\n\n\n\n<p class=\"has-text-align-left is-style-text-display has-all-round-gothic-font-family has-large-font-size is-style-text-display--1\" style=\"border-top-left-radius:0px;border-top-right-radius:0px;border-bottom-left-radius:0px;border-bottom-right-radius:0px;padding-top:var(--wp--preset--spacing--20);padding-right:var(--wp--preset--spacing--70);padding-bottom:var(--wp--preset--spacing--20);padding-left:var(--wp--preset--spacing--70);line-height:1.4;text-transform:none\">A few facts about this year's organizing team in preparation for the Pride March<\/p>\n\n\n\n<h2 class=\"wp-block-heading has-text-align-center is-style-default has-base-color has-accent-3-background-color has-text-color has-background has-link-color has-all-round-gothic-font-family wp-elements-51a57abc39577cf0b7133165c0b1e600\" style=\"padding-top:var(--wp--preset--spacing--30);padding-bottom:var(--wp--preset--spacing--30);font-size:3vh;font-style:normal;font-weight:700\">Who is HeidelPride?<\/h2>\n\n\n\n<p class=\"has-text-align-left is-style-text-display has-all-round-gothic-font-family has-large-font-size wp-elements-477924c9d68b93c18b0adcf0d3772b77 is-style-text-display--2\" style=\"border-top-left-radius:0px;border-top-right-radius:0px;border-bottom-left-radius:0px;border-bottom-right-radius:0px;padding-top:var(--wp--preset--spacing--40);padding-right:var(--wp--preset--spacing--70);padding-bottom:var(--wp--preset--spacing--40);padding-left:var(--wp--preset--spacing--70);line-height:1.4;text-transform:none\">The HeidelPride organizing team for 2026 was formed through the initiative of the <a href=\"https:\/\/www.instagram.com\/queer_space_heidelberg\/\" data-type=\"link\" data-id=\"https:\/\/www.instagram.com\/queer_space_heidelberg\/\" target=\"_blank\" rel=\"noreferrer noopener\">Queer-Space-Teams<\/a> we came together, which offered us a place to meet and connected us with each other.<br>We are people from the community, just like you, who wanted to help make HeidelPride happen for the fourth time.<\/p>\n\n\n\n<p class=\"has-text-align-center has-link-color has-all-round-gothic-font-family wp-elements-14be491221e996d746bc6e7e1748d928\" style=\"padding-top:var(--wp--preset--spacing--20);padding-bottom:var(--wp--preset--spacing--20);font-size:clamp(1.301rem, 1.301rem + ((1vw - 0.2rem) * 1.253), 2.1rem);\">Danke <a href=\"https:\/\/www.instagram.com\/queer_space_heidelberg\/\" data-type=\"link\" data-id=\"https:\/\/www.instagram.com\/queer_space_heidelberg\/\" target=\"_blank\" rel=\"noreferrer noopener\">Queer Space<\/a> \u2661<\/p>\n\n\n\n<h2 class=\"wp-block-heading has-text-align-center is-style-default has-base-color has-accent-3-background-color has-text-color has-background has-link-color has-all-round-gothic-font-family wp-elements-048fe77ae52903e73e89a2a73c853961\" style=\"padding-top:var(--wp--preset--spacing--30);padding-bottom:var(--wp--preset--spacing--30);font-size:3vh;font-style:normal;font-weight:700\">What is HeidelPride?<\/h2>\n\n\n\n<p class=\"has-text-align-left is-style-text-display has-all-round-gothic-font-family has-large-font-size is-style-text-display--3\" style=\"border-top-left-radius:0px;border-top-right-radius:0px;border-bottom-left-radius:0px;border-bottom-right-radius:0px;padding-top:var(--wp--preset--spacing--20);padding-right:var(--wp--preset--spacing--70);padding-bottom:var(--wp--preset--spacing--20);padding-left:var(--wp--preset--spacing--70);line-height:1.4;text-transform:none\">HeidelPride is (not yet?) an association or a fixed organization.<\/p>\n\n\n\n<p class=\"has-text-align-left has-all-round-gothic-font-family has-large-font-size\" style=\"padding-top:var(--wp--preset--spacing--20);padding-bottom:var(--wp--preset--spacing--20)\">We work in working groups, and each person contributes with their skills and as much time as possible.<\/p>\n\n\n\n<p class=\"has-text-align-left is-style-text-display has-all-round-gothic-font-family has-large-font-size is-style-text-display--4\" style=\"border-top-left-radius:0px;border-top-right-radius:0px;border-bottom-left-radius:0px;border-bottom-right-radius:0px;padding-top:var(--wp--preset--spacing--20);padding-right:var(--wp--preset--spacing--70);padding-bottom:var(--wp--preset--spacing--20);padding-left:var(--wp--preset--spacing--70);line-height:1.4;text-transform:none\">In doing so, we work closely with the Queer Space, which supports us with its experience and infrastructure.<br><\/p>\n\n\n\n<h2 class=\"wp-block-heading has-text-align-center is-style-default has-base-color has-accent-3-background-color has-text-color has-background has-link-color has-all-round-gothic-font-family wp-elements-87af7e9d1dcac1af42c19769e3f98376\" style=\"padding-top:var(--wp--preset--spacing--30);padding-bottom:var(--wp--preset--spacing--30);font-size:3vh;font-style:normal;font-weight:700\">Is everything already decided?<\/h2>\n\n\n\n<p class=\"has-text-align-left has-all-round-gothic-font-family has-large-font-size\" style=\"padding-top:var(--wp--preset--spacing--20);padding-bottom:var(--wp--preset--spacing--20)\">No! So far we have only set the date, the time and the route.<\/p>\n\n\n\n<p class=\"has-text-align-center is-style-text-annotation has-contrast-color has-accent-2-background-color has-text-color has-background has-link-color has-all-round-gothic-font-family has-x-large-font-size wp-elements-5f6edc3c482b1548a56ac89472e5b71a is-style-text-annotation--5\" style=\"border-style:none;border-width:0px;border-top-left-radius:31px;border-top-right-radius:31px;border-bottom-left-radius:31px;border-bottom-right-radius:31px;padding-top:var(--wp--preset--spacing--40);padding-right:var(--wp--preset--spacing--40);padding-bottom:var(--wp--preset--spacing--40);padding-left:var(--wp--preset--spacing--40)\">20 June 2026<br>2 pm<br>from the Stadtb\u00fccherei to Universit\u00e4tsplatz<\/p>\n\n\n\n<p class=\"has-text-align-left is-style-text-display has-all-round-gothic-font-family has-large-font-size is-style-text-display--6\" style=\"border-top-left-radius:0px;border-top-right-radius:0px;border-bottom-left-radius:0px;border-bottom-right-radius:0px;padding-top:var(--wp--preset--spacing--20);padding-right:var(--wp--preset--spacing--70);padding-bottom:var(--wp--preset--spacing--20);padding-left:var(--wp--preset--spacing--70);line-height:1.4;text-transform:none\">You can still join the team or share your ideas for the program, speeches, artists, or anything else you would like to see at HeidelPride!<\/p>\n\n\n\n<div class=\"wp-block-buttons is-horizontal is-content-justification-center is-layout-flex wp-container-core-buttons-is-layout-483d499e wp-block-buttons-is-layout-flex\" style=\"border-top-left-radius:0px;border-top-right-radius:0px;border-bottom-left-radius:0px;border-bottom-right-radius:0px;margin-top:0;margin-bottom:0;padding-top:var(--wp--preset--spacing--20);padding-right:0;padding-bottom:var(--wp--preset--spacing--20);padding-left:0\">\n<div class=\"wp-block-button has-custom-width wp-block-button__width-50 is-style-fill\"><a class=\"wp-block-button__link has-base-color has-accent-3-background-color has-text-color has-background has-link-color has-all-round-gothic-font-family has-text-align-center has-custom-font-size wp-element-button\" href=\"https:\/\/www.instagram.com\/hd.community.pride\/\" style=\"padding-top:var(--wp--preset--spacing--30);padding-right:var(--wp--preset--spacing--40);padding-bottom:var(--wp--preset--spacing--30);padding-left:var(--wp--preset--spacing--40);font-size:2vh\" target=\"_blank\" rel=\"noreferrer noopener\"><strong>Join!<\/strong>!<\/a><\/div>\n<\/div>","protected":false},"excerpt":{"rendered":"<p>who?! what?! where?! when?! how?! who?! what?! where?! when?! how?! who?! what?! where?! when?! how?! who?! what?! where?! when?! how?! ein paar Fakten zum diesj\u00e4hrigen Orga\u00dfTeam zur Vorbereitung des Pride Marches Wer ist HeidelPride? Das HeidelPride-Orga-Team f\u00fcr 2026 hat sich durch die Initiative des Queer-Space-Teams zusammengefunden, das uns einen Ort zum Treffen angeboten und uns [&hellip;]<\/p>\n","protected":false},"author":2,"featured_media":0,"parent":0,"menu_order":0,"comment_status":"closed","ping_status":"closed","template":"","meta":{"footnotes":""},"class_list":["post-139","page","type-page","status-publish","hentry"],"_links":{"self":[{"href":"https:\/\/heidelpride.de\/en\/wp-json\/wp\/v2\/pages\/139","targetHints":{"allow":["GET"]}}],"collection":[{"href":"https:\/\/heidelpride.de\/en\/wp-json\/wp\/v2\/pages"}],"about":[{"href":"https:\/\/heidelpride.de\/en\/wp-json\/wp\/v2\/types\/page"}],"author":[{"embeddable":true,"href":"https:\/\/heidelpride.de\/en\/wp-json\/wp\/v2\/users\/2"}],"replies":[{"embeddable":true,"href":"https:\/\/heidelpride.de\/en\/wp-json\/wp\/v2\/comments?post=139"}],"version-history":[{"count":36,"href":"https:\/\/heidelpride.de\/en\/wp-json\/wp\/v2\/pages\/139\/revisions"}],"predecessor-version":[{"id":205,"href":"https:\/\/heidelpride.de\/en\/wp-json\/wp\/v2\/pages\/139\/revisions\/205"}],"wp:attachment":[{"href":"https:\/\/heidelpride.de\/en\/wp-json\/wp\/v2\/media?parent=139"}],"curies":[{"name":"wp","href":"https:\/\/api.w.org\/{rel}","templated":true}]}}